{"id":2291,"date":"2025-04-22T08:22:29","date_gmt":"2025-04-22T08:22:29","guid":{"rendered":"https:\/\/www.bea.jetzt\/?page_id=2291"},"modified":"2025-04-22T08:25:29","modified_gmt":"2025-04-22T08:25:29","slug":"impressum","status":"publish","type":"page","link":"https:\/\/www.bea.jetzt\/?page_id=2291","title":{"rendered":"Impressum"},"content":{"rendered":"\n<div style=\"height:160px\" aria-hidden=\"true\" class=\"wp-block-spacer\"><\/div>\n\n\n\n<p>Diese Homepage hat keinen wirtschaftlichen Hintergrund und dient nur der Information von Freunden und Bekannten, \u00fcber Musik, B\u00fccher, Tiere usw. &#8211; je nachdem.<\/p>\n\n\n\n<p>Ich f\u00fcge streckenweise Links zu anderen Seiten ein und vertraue darauf, dass sich  dahinter <mark style=\"background-color:rgba(0, 0, 0, 0)\" class=\"has-inline-color has-theme-5-color\">keine<\/mark> missbr\u00e4uchlichen Verwendungen irgendwelcher Art befinden. <\/p>\n\n\n\n<p><\/p>\n\n\n\n<p>Bea Autengruber (Schlipf)<\/p>\n\n\n\n<p>A-3340 Waidhofen an der Ybbs, Redtenbachstrasse 15<\/p>\n\n\n\n<p>+436763288977, office@bea.jetzt<\/p>\n\n\n\n<p><\/p>\n","protected":false},"excerpt":{"rendered":"<p>Diese Homepage hat keinen wirtschaftlichen Hintergrund und dient nur der Information von Freunden und Bekannten, \u00fcber Musik, B\u00fccher, Tiere usw. &#8211; je nachdem. Ich f\u00fcge streckenweise Links zu anderen Seiten ein und vertraue darauf, dass sich dahinter keine missbr\u00e4uchlichen Verwendungen irgendwelcher Art befinden. Bea Autengruber (Schlipf) A-3340 Waidhofen an der Ybbs, Redtenbachstrasse 15 +436763288977, office@bea.jetzt<\/p>\n","protected":false},"author":1,"featured_media":0,"parent":0,"menu_order":0,"comment_status":"closed","ping_status":"closed","template":"","meta":{"footnotes":""},"class_list":["post-2291","page","type-page","status-publish","hentry"],"jetpack_sharing_enabled":true,"_links":{"self":[{"href":"https:\/\/www.bea.jetzt\/index.php?rest_route=\/wp\/v2\/pages\/2291","targetHints":{"allow":["GET"]}}],"collection":[{"href":"https:\/\/www.bea.jetzt\/index.php?rest_route=\/wp\/v2\/pages"}],"about":[{"href":"https:\/\/www.bea.jetzt\/index.php?rest_route=\/wp\/v2\/types\/page"}],"author":[{"embeddable":true,"href":"https:\/\/www.bea.jetzt\/index.php?rest_route=\/wp\/v2\/users\/1"}],"replies":[{"embeddable":true,"href":"https:\/\/www.bea.jetzt\/index.php?rest_route=%2Fwp%2Fv2%2Fcomments&post=2291"}],"version-history":[{"count":3,"href":"https:\/\/www.bea.jetzt\/index.php?rest_route=\/wp\/v2\/pages\/2291\/revisions"}],"predecessor-version":[{"id":2622,"href":"https:\/\/www.bea.jetzt\/index.php?rest_route=\/wp\/v2\/pages\/2291\/revisions\/2622"}],"wp:attachment":[{"href":"https:\/\/www.bea.jetzt\/index.php?rest_route=%2Fwp%2Fv2%2Fmedia&parent=2291"}],"curies":[{"name":"wp","href":"https:\/\/api.w.org\/{rel}","templated":true}]}}